{"id":2019,"date":"2025-08-30T22:52:34","date_gmt":"2025-08-30T19:52:34","guid":{"rendered":"https:\/\/www.kalnuslenis.lt\/?page_id=2019"},"modified":"2025-08-31T20:08:40","modified_gmt":"2025-08-31T17:08:40","slug":"%d0%b1%d0%b8%d0%be%d0%b3%d1%80%d0%b0%d1%84%d0%b8%d1%8f","status":"publish","type":"page","link":"https:\/\/www.kalnuslenis.lt\/?page_id=2019&lang=ru","title":{"rendered":"\u0411\u0438\u043e\u0433\u0440\u0430\u0444\u0438\u044f"},"content":{"rendered":"\n<h1 class=\"wp-block-heading has-text-align-center\">\u0411\u0438\u043e\u0433\u0440\u0430\u0444\u0438\u044f<br><br><img fetchpriority=\"high\" decoding=\"async\" width=\"683\" height=\"1024\" src=\"https:\/\/www.kalnuslenis.lt\/wp-content\/uploads\/2025\/08\/Andreja_Stulginskiene_1-683x1024.jpg\" alt=\"\" class=\"wp-image-2238\" style=\"width: 400px; float: right; margin-left: 10px;\" srcset=\"https:\/\/www.kalnuslenis.lt\/wp-content\/uploads\/2025\/08\/Andreja_Stulginskiene_1-683x1024.jpg 683w, https:\/\/www.kalnuslenis.lt\/wp-content\/uploads\/2025\/08\/Andreja_Stulginskiene_1-200x300.jpg 200w, https:\/\/www.kalnuslenis.lt\/wp-content\/uploads\/2025\/08\/Andreja_Stulginskiene_1-768x1152.jpg 768w, https:\/\/www.kalnuslenis.lt\/wp-content\/uploads\/2025\/08\/Andreja_Stulginskiene_1-1024x1536.jpg 1024w, https:\/\/www.kalnuslenis.lt\/wp-content\/uploads\/2025\/08\/Andreja_Stulginskiene_1-1366x2048.jpg 1366w, https:\/\/www.kalnuslenis.lt\/wp-content\/uploads\/2025\/08\/Andreja_Stulginskiene_1.jpg 1707w\" sizes=\"(max-width: 683px) 100vw, 683px\" \/><\/h1>\n\n\n\n<h2 class=\"wp-block-heading\">\u041e\u0411\u0420\u0410\u0417\u041e\u0412\u0410\u041d\u0418\u0415<\/h2>\n\n\n\n<ul class=\"wp-block-list\">\n<li><strong>2025 <\/strong>\u2013 \u043f\u0440\u043e\u0433\u0440\u0430\u043c\u043c\u0430 \u043c\u0430\u0433\u0438\u0441\u0442\u0440\u0430\u0442\u0443\u0440\u044b \u0422\u0435\u0430\u0442\u0440\u043e\u0432\u0435\u0434\u0435\u043d\u0438\u044f \u0438 \u043c\u0435\u043d\u0435\u0434\u0436\u043c\u0435\u043d\u0442\u0430 \u0441\u0446\u0435\u043d\u0438\u0447\u0435\u0441\u043a\u0438\u0445 \u0438\u0441\u043a\u0443\u0441\u0441\u0442\u0432, \u0424\u0430\u043a\u0443\u043b\u044c\u0442\u0435\u0442 \u0438\u0441\u043a\u0443\u0441\u0441\u0442\u0432 \u0412\u0438\u043b\u044c\u043d\u044e\u0441\u0441\u043a\u043e\u0433\u043e \u0443\u043d\u0438\u0432\u0435\u0440\u0441\u0438\u0442\u0435\u0442\u0430 (VDU). \u0422\u0435\u043c\u0430 \u043c\u0430\u0433\u0438\u0441\u0442\u0435\u0440\u0441\u043a\u043e\u0439 \u0440\u0430\u0431\u043e\u0442\u044b: <em>\u00ab\u0418\u0441\u0442\u043e\u0440\u0438\u0447\u0435\u0441\u043a\u0430\u044f \u043f\u0430\u043c\u044f\u0442\u044c \u0442\u0435\u0430\u0442\u0440\u0430 \u0432 \u043b\u0438\u0442\u043e\u0432\u0441\u043a\u043e\u043c \u0442\u0435\u0430\u0442\u0440\u0435\u00bb<\/em>.<\/li>\n\n\n\n<li><strong>2025 <\/strong>\u2013 \u0441\u0432\u0438\u0434\u0435\u0442\u0435\u043b\u044c\u0441\u0442\u0432\u043e \u043e\u0431 \u043e\u043a\u043e\u043d\u0447\u0430\u043d\u0438\u0438 \u043a\u0443\u0440\u0441\u043e\u0432 \u0433\u0438\u0434\u043e\u0432, \u0426\u0435\u043d\u0442\u0440 \u0442\u0443\u0440\u0438\u0441\u0442\u0438\u0447\u0435\u0441\u043a\u043e\u0439 \u0438\u043d\u0444\u043e\u0440\u043c\u0430\u0446\u0438\u0438 \u0433. \u0428\u044f\u0443\u043b\u044f\u0439.<\/li>\n\n\n\n<li><strong>2025 <\/strong>\u2013 \u0434\u0438\u0441\u0442\u0430\u043d\u0446\u0438\u043e\u043d\u043d\u043e\u0435 \u043e\u0431\u0443\u0447\u0435\u043d\u0438\u0435, \u0434\u043e\u043b\u0433\u043e\u0441\u0440\u043e\u0447\u043d\u0430\u044f \u043f\u0440\u043e\u0433\u0440\u0430\u043c\u043c\u0430 \u0441\u043f\u0435\u0446\u0438\u0430\u043b\u044c\u043d\u043e\u0439 \u043f\u0435\u0434\u0430\u0433\u043e\u0433\u0438\u043a\u0438 \u0438 \u043f\u0441\u0438\u0445\u043e\u043b\u043e\u0433\u0438\u0438 <br>(\u00abUgdymo meistrai\u00bb).<\/li>\n\n\n\n<li><strong>2011 <\/strong>\u2013 \u0428\u044f\u0443\u043b\u044f\u0439\u0441\u043a\u0438\u0439 \u0443\u043d\u0438\u0432\u0435\u0440\u0441\u0438\u0442\u0435\u0442, \u043f\u0440\u043e\u0433\u0440\u0430\u043c\u043c\u0430 \u043f\u0435\u0434\u0430\u0433\u043e\u0433\u0438\u043a\u0438 (\u043d\u0435 \u0434\u0430\u044e\u0449\u0430\u044f \u0430\u043a\u0430\u0434\u0435\u043c\u0438\u0447\u0435\u0441\u043a\u043e\u0439 \u0441\u0442\u0435\u043f\u0435\u043d\u0438). \u041f\u0440\u0438\u0441\u0432\u043e\u0435\u043d\u0430 \u043a\u0432\u0430\u043b\u0438\u0444\u0438\u043a\u0430\u0446\u0438\u044f \u0443\u0447\u0438\u0442\u0435\u043b\u044f.<\/li>\n\n\n\n<li><strong>2011 <\/strong>\u2013 \u041a\u043b\u0430\u0439\u043f\u0435\u0434\u0441\u043a\u0438\u0439 \u0443\u043d\u0438\u0432\u0435\u0440\u0441\u0438\u0442\u0435\u0442, \u043c\u0430\u0433\u0438\u0441\u0442\u0440\u0430\u0442\u0443\u0440\u0430 \u043f\u043e \u043f\u0440\u043e\u0433\u0440\u0430\u043c\u043c\u0435 \u0440\u0435\u0436\u0438\u0441\u0441\u0443\u0440\u044b \u0434\u0440\u0430\u043c\u044b. \u041f\u0440\u0438\u0441\u0432\u043e\u0435\u043d\u0430 \u043a\u0432\u0430\u043b\u0438\u0444\u0438\u043a\u0430\u0446\u0438\u044f \u043c\u0430\u0433\u0438\u0441\u0442\u0440\u0430 \u0442\u0435\u0430\u0442\u0440\u0430.<\/li>\n\n\n\n<li><strong>2009 <\/strong>\u2013 \u041a\u043b\u0430\u0439\u043f\u0435\u0434\u0441\u043a\u0438\u0439 \u0443\u043d\u0438\u0432\u0435\u0440\u0441\u0438\u0442\u0435\u0442, \u0431\u0430\u043a\u0430\u043b\u0430\u0432\u0440\u0438\u0430\u0442 \u043f\u043e \u0440\u0435\u0436\u0438\u0441\u0441\u0443\u0440\u0435. \u041f\u0440\u0438\u0441\u0432\u043e\u0435\u043d\u0430 \u043a\u0432\u0430\u043b\u0438\u0444\u0438\u043a\u0430\u0446\u0438\u044f \u0431\u0430\u043a\u0430\u043b\u0430\u0432\u0440\u0430 \u0442\u0435\u0430\u0442\u0440\u0430 \u0438 \u043f\u0440\u043e\u0444\u0435\u0441\u0441\u0438\u043e\u043d\u0430\u043b\u044c\u043d\u0430\u044f \u043a\u0432\u0430\u043b\u0438\u0444\u0438\u043a\u0430\u0446\u0438\u044f \u0440\u0435\u0436\u0438\u0441\u0441\u0451\u0440\u0430.<\/li>\n\n\n\n<li><strong>2004 <\/strong>\u2013 \u041a\u043e\u043d\u0441\u0435\u0440\u0432\u0430\u0442\u043e\u0440\u0438\u044f \u0438\u043c\u0435\u043d\u0438 \u042e\u043e\u0437\u0430\u0441\u0430 \u0413\u0440\u0443\u0434\u0438\u0441\u0430 (\u0433. \u041a\u0430\u0443\u043d\u0430\u0441), \u043a\u0443\u0440\u0441 \u0432\u043e\u043a\u0430\u043b\u0430. \u041a\u0432\u0430\u043b\u0438\u0444\u0438\u043a\u0430\u0446\u0438\u044f \u0430\u0440\u0442\u0438\u0441\u0442\u043a\u0438 \u0430\u043a\u0430\u0434\u0435\u043c\u0438\u0447\u0435\u0441\u043a\u043e\u0433\u043e \u0445\u043e\u0440\u0430 \u0438 \u0430\u043d\u0441\u0430\u043c\u0431\u043b\u044f.<\/li>\n\n\n\n<li><strong>2001 <\/strong>\u2013 \u0422\u044b\u0442\u0443\u0432\u0435\u043d\u0430\u0439\u0441\u043a\u0430\u044f \u0441\u0440\u0435\u0434\u043d\u044f\u044f \u0448\u043a\u043e\u043b\u0430.<\/li>\n<\/ul>\n\n\n\n<h2 class=\"wp-block-heading\">\u041e\u041f\u042b\u0422 \u0420\u0410\u0411\u041e\u0422\u042b<\/h2>\n\n\n\n<ul class=\"wp-block-list\">\n<li><strong>\u0441 2024 \u0433.<\/strong> \u2013 \u043f\u0440\u0435\u043f\u043e\u0434\u0430\u0432\u0430\u0442\u0435\u043b\u044c \u0442\u0435\u0430\u0442\u0440\u0430, \u041a\u0443\u0440\u0448\u0435\u043d\u0430\u0439\u0441\u043a\u0430\u044f \u0448\u043a\u043e\u043b\u0430 \u0438\u0441\u043a\u0443\u0441\u0441\u0442\u0432.<\/li>\n\n\n\n<li><strong>2024\u20132025 \u0433\u0433.<\/strong> \u2013 \u043e\u0440\u0433\u0430\u043d\u0438\u0437\u0430\u0442\u043e\u0440 \u043a\u0443\u043b\u044c\u0442\u0443\u0440\u043d\u044b\u0445 \u043c\u0435\u0440\u043e\u043f\u0440\u0438\u044f\u0442\u0438\u0439, \u0423\u0436\u0432\u0435\u043d\u0446\u043a\u0438\u0439 \u043a\u0443\u043b\u044c\u0442\u0443\u0440\u043d\u044b\u0439 \u0446\u0435\u043d\u0442\u0440, \u0444\u0438\u043b\u0438\u0430\u043b \u0432 \u0412\u0430\u0439\u0433\u0443\u0432\u0430.<\/li>\n\n\n\n<li><strong>2021\u20132024 \u0433\u0433.<\/strong> \u2013 \u0440\u0435\u0436\u0438\u0441\u0441\u0451\u0440, \u0412\u0435\u043b\u044e\u043e\u043d\u0441\u043a\u0438\u0439 \u043a\u0443\u043b\u044c\u0442\u0443\u0440\u043d\u044b\u0439 \u0446\u0435\u043d\u0442\u0440.<\/li>\n\n\n\n<li><strong>2020 \u0433. <\/strong>\u2013 \u0430\u043a\u0442\u0440\u0438\u0441\u0430 \u0438 \u0440\u0435\u0436\u0438\u0441\u0441\u0451\u0440 \u041c\u0430\u043b\u043e\u0433\u043e \u0442\u0435\u0430\u0442\u0440\u0430 \u0433. \u041a\u0435\u043b\u044c\u043c\u0435.<\/li>\n\n\n\n<li><strong>\u0441 2019 \u0433.<\/strong> \u2013 \u0440\u0435\u0436\u0438\u0441\u0441\u0451\u0440 \u0422\u044b\u0442\u0443\u0432\u0435\u043d\u0430\u0439\u0441\u043a\u043e\u0433\u043e \u043a\u0443\u043b\u044c\u0442\u0443\u0440\u043d\u043e\u0433\u043e \u0446\u0435\u043d\u0442\u0440\u0430.<\/li>\n\n\n\n<li><strong>2017\u20132020 \u0433\u0433.<\/strong> \u2013 \u0430\u0434\u043c\u0438\u043d\u0438\u0441\u0442\u0440\u0430\u0442\u043e\u0440 \u0444\u0438\u043b\u0438\u0430\u043b\u0430 \u0421\u0430\u043b\u043e\u0446\u044f\u0439, \u041f\u0430\u0441\u0432\u0430\u043b\u044c\u0441\u043a\u0438\u0439 \u043a\u0443\u043b\u044c\u0442\u0443\u0440\u043d\u044b\u0439 \u0446\u0435\u043d\u0442\u0440.<\/li>\n\n\n\n<li><strong>2013\u20132017 \u0433\u0433.<\/strong> \u2013 \u0440\u0435\u0436\u0438\u0441\u0441\u0451\u0440 \u0434\u0440\u0430\u043c\u044b \u0438 \u043c\u0435\u0440\u043e\u043f\u0440\u0438\u044f\u0442\u0438\u0439, \u0414\u043e\u043c \u043a\u0443\u043b\u044c\u0442\u0443\u0440\u044b \u0433. \u041d\u0430\u0443\u0439\u043e\u0439\u0438 \u0410\u043a\u043c\u0435\u043d\u0435.<\/li>\n\n\n\n<li><strong>2011\u20132012 \u0433\u0433.<\/strong> \u2013 \u0430\u0441\u0441\u0438\u0441\u0442\u0435\u043d\u0442 \u043a\u0430\u0444\u0435\u0434\u0440\u044b \u0442\u0435\u0430\u0442\u0440\u0430, \u0424\u0430\u043a\u0443\u043b\u044c\u0442\u0435\u0442 \u0438\u0441\u043a\u0443\u0441\u0441\u0442\u0432 \u0428\u044f\u0443\u043b\u044f\u0439\u0441\u043a\u043e\u0433\u043e \u0443\u043d\u0438\u0432\u0435\u0440\u0441\u0438\u0442\u0435\u0442\u0430.<\/li>\n\n\n\n<li><strong>2009\u20132011 \u0433\u0433.<\/strong> \u2013 \u0445\u0443\u0434\u043e\u0436\u0435\u0441\u0442\u0432\u0435\u043d\u043d\u044b\u0439 \u0440\u0443\u043a\u043e\u0432\u043e\u0434\u0438\u0442\u0435\u043b\u044c \u0422\u044b\u0442\u0443\u0432\u0435\u043d\u0430\u0439\u0441\u043a\u043e\u0433\u043e \u043a\u0443\u043b\u044c\u0442\u0443\u0440\u043d\u043e\u0433\u043e \u0446\u0435\u043d\u0442\u0440\u0430.<\/li>\n<\/ul>\n\n\n\n<h3 class=\"wp-block-heading\">\u041f\u0440\u043e\u0447\u0430\u044f \u0434\u0435\u044f\u0442\u0435\u043b\u044c\u043d\u043e\u0441\u0442\u044c:<\/h3>\n\n\n\n<ul class=\"wp-block-list\">\n<li>\u0420\u0435\u0434\u0430\u043a\u0442\u043e\u0440 \u0433\u0430\u0437\u0435\u0442\u044b LMTS <em>\u201eM\u0117g\u0117j\u0173 teatras\u201c<\/em> (2018\u20132020).<\/li>\n\n\n\n<li>\u0427\u043b\u0435\u043d \u0442\u0435\u0430\u0442\u0440\u0430\u043b\u044c\u043d\u043e\u0439 \u043a\u043e\u043c\u0430\u043d\u0434\u044b <em>\u201e\u0160ouXmas\u201c<\/em> (2018\u20132019).<\/li>\n<\/ul>\n\n\n\n<h2 class=\"wp-block-heading\">\u0421\u0422\u0418\u041f\u0415\u041d\u0414\u0418\u0418<\/h2>\n\n\n\n<ul class=\"wp-block-list\">\n<li><strong>2025 <\/strong>\u2013 \u0438\u043c\u0435\u043d\u043d\u0430\u044f \u0441\u0442\u0438\u043f\u0435\u043d\u0434\u0438\u044f \u0412\u0414\u0423 \u0438\u043c\u0435\u043d\u0438 \u0421\u0438\u0433\u043d\u0430\u0442\u0430\u0440\u0430 \u0421. \u0411\u0430\u043d\u0430\u0439\u0442\u0438\u0441\u0430 \u0437\u0430 \u0442\u0435\u0430\u0442\u0440\u0430\u043b\u044c\u043d\u043e\u0435 \u0442\u0432\u043e\u0440\u0447\u0435\u0441\u0442\u0432\u043e, \u0440\u0430\u0437\u0432\u0438\u0432\u0430\u044e\u0449\u0435\u0435 \u0438\u0441\u0442\u043e\u0440\u0438\u0447\u0435\u0441\u043a\u0443\u044e \u043f\u0430\u043c\u044f\u0442\u044c.<\/li>\n\n\n\n<li><strong>2024 <\/strong>\u2013 \u0441\u0442\u0438\u043f\u0435\u043d\u0434\u0438\u044f \u0412\u0414\u0423 \u0437\u0430 \u0434\u043e\u0441\u0442\u0438\u0436\u0435\u043d\u0438\u044f \u0432 \u043d\u0430\u0443\u043a\u0435 \u0438 \u0438\u0441\u043a\u0443\u0441\u0441\u0442\u0432\u0435.<\/li>\n\n\n\n<li><strong>2020 <\/strong>\u2013 \u0438\u043c\u0435\u043d\u043d\u0430\u044f \u0441\u0442\u0438\u043f\u0435\u043d\u0434\u0438\u044f \u0412\u0414\u0423 \u0438\u043c\u0435\u043d\u0438 \u0442\u0435\u0430\u0442\u0440\u043e\u0432\u0435\u0434\u0430 \u0411. \u0412\u0430\u0448\u043a\u0435\u043b\u0438\u0441\u0430.<\/li>\n<\/ul>\n\n\n\n<h2 class=\"wp-block-heading\">\u041a\u041e\u041d\u041a\u0423\u0420\u0421\u042b<\/h2>\n\n\n\n<ul class=\"wp-block-list\">\n<li><strong>2017 <\/strong>\u2013 \u0420\u0435\u0441\u043f\u0443\u0431\u043b\u0438\u043a\u0430\u043d\u0441\u043a\u0438\u0439 \u043a\u043e\u043d\u043a\u0443\u0440\u0441 \u043c\u043e\u043b\u043e\u0434\u0451\u0436\u043d\u044b\u0445 \u0432\u0438\u0434\u0435\u043e\u0440\u0435\u043f\u043e\u0440\u0442\u0430\u0436\u0435\u0439 <em>\u201eKadro nominacijos 2016\u201c<\/em>. I \u043c\u0435\u0441\u0442\u043e \u2013 \u0440\u0430\u0431\u043e\u0442\u0430 <em>\u201eNediskriminuok\u201c<\/em>.<\/li>\n\n\n\n<li><strong>2024 <\/strong>\u2013 \u043f\u043e\u0431\u0435\u0434\u0438\u0442\u0435\u043b\u044c \u043c\u0443\u043b\u044c\u0442\u0438\u043c\u0435\u0434\u0438\u0439\u043d\u043e\u0433\u043e \u043a\u043e\u043d\u043a\u0443\u0440\u0441\u0430 \u201eANTSPAUDAS\u201c (\u043a\u0430\u0444\u0435\u0434\u0440\u0430 \u043a\u043e\u043c\u043c\u0443\u043d\u0438\u043a\u0430\u0446\u0438\u0438 \u0412\u0438\u043b\u044c\u043d\u044e\u0441\u0441\u043a\u043e\u0433\u043e \u0443\u043d\u0438\u0432\u0435\u0440\u0441\u0438\u0442\u0435\u0442\u0430). \u041d\u043e\u043c\u0438\u043d\u0430\u0446\u0438\u044f <em>\u201e\u041f\u0435\u0447\u0430\u0442\u044c \u0412\u0438\u0437\u0438\u043e\u043d\u0435\u0440\u0430 \u0433\u043e\u0434\u0430\u201c<\/em> \u2013 \u0437\u0430 \u0442\u0432\u043e\u0440\u0447\u0435\u0441\u043a\u0443\u044e \u0440\u0430\u0431\u043e\u0442\u0443<em> \u201eVirgu\u010dio laisv\u0117\u201c<\/em>.<\/li>\n\n\n\n<li><strong>2024 <\/strong>\u2013 XX \u0444\u0435\u0441\u0442\u0438\u0432\u0430\u043b\u044c \u043a\u043e\u0440\u043e\u0442\u043a\u043e\u043c\u0435\u0442\u0440\u0430\u0436\u043d\u043e\u0433\u043e \u043a\u0438\u043d\u043e <em>\u201eA\u0161 + Miestas = Kinas\u201c<\/em>. I \u043c\u0435\u0441\u0442\u043e \u2013 \u0444\u0438\u043b\u044c\u043c <em>\u201eVirgu\u010dio laisv\u0117\u201c<\/em> (\u0440\u0435\u0436. \u0410. \u0421\u0442\u0443\u043b\u0433\u0438\u043d\u0441\u043a\u0438\u0435\u043d\u0435).<\/li>\n<\/ul>\n\n\n\n<h2 class=\"wp-block-heading\">\u041a\u0410\u0422\u0415\u0413\u041e\u0420\u0418\u0418 \u041a\u041e\u041b\u041b\u0415\u041a\u0422\u0418\u0412\u041e\u0412<\/h2>\n\n\n\n<ul class=\"wp-block-list\">\n<li><strong>2018 <\/strong>\u2013 \u041b\u0438\u0442\u043e\u0432\u0441\u043a\u0438\u0439 \u043f\u0440\u0430\u0437\u0434\u043d\u0438\u043a \u043f\u0435\u0441\u043d\u0438, \u0422\u0435\u0430\u0442\u0440\u0430\u043b\u044c\u043d\u044b\u0439 \u0434\u0435\u043d\u044c <em>\u201eVyd\u016bno paslaptis\u201c<\/em>. III \u043a\u0430\u0442\u0435\u0433\u043e\u0440\u0438\u044f (\u043a\u0443\u043a\u043e\u043b\u044c\u043d\u044b\u0439 \u0442\u0435\u0430\u0442\u0440 \u201eMa\u017eiukas\u201c, \u0421\u0430\u043b\u043e\u0446\u044f\u0439).<\/li>\n\n\n\n<li><strong>2018 <\/strong>\u2013 \u043c\u0443\u0437\u044b\u043a\u0430\u043b\u044c\u043d\u044b\u0439 \u0441\u043f\u0435\u043a\u0442\u0430\u043a\u043b\u044c <em>\u201eElenos prisiminim\u0173 takais arba vienos \u017eydait\u0117s istorija\u201c<\/em>. IV \u043a\u0430\u0442\u0435\u0433\u043e\u0440\u0438\u044f (\u043d\u043e\u0432\u044b\u0439 \u043a\u043e\u043b\u043b\u0435\u043a\u0442\u0438\u0432).<\/li>\n\n\n\n<li><strong>2016 <\/strong>\u2013 \u0434\u0438\u043f\u043b\u043e\u043c \u0444\u0435\u0441\u0442\u0438\u0432\u0430\u043b\u044f \u201eAtspind\u017eiai\u201c \u0437\u0430 \u043c\u0443\u0437\u044b\u043a\u0430\u043b\u044c\u043d\u043e-\u0434\u043e\u043a\u0443\u043c\u0435\u043d\u0442\u0430\u043b\u044c\u043d\u0443\u044e \u0445\u0440\u043e\u043d\u0438\u043a\u0443 <em>\u201ePartizan\u0173 dain\u0173 aidai\u201c<\/em>.<\/li>\n\n\n\n<li><strong>2014 <\/strong>\u2013 \u0433\u043b\u0430\u0432\u043d\u044b\u0439 \u0440\u0435\u0436\u0438\u0441\u0441\u0451\u0440 \u0444\u0435\u0441\u0442\u0438\u0432\u0430\u043b\u044f <em>\u201e\u017demaiti\u0161kas smuikelis\u201c<\/em> (\u0410kmen\u0117).<\/li>\n\n\n\n<li><strong>2014 <\/strong>\u2013 \u043f\u0440\u0438\u0441\u0432\u043e\u0435\u043d\u0430 II \u043a\u0430\u0442\u0435\u0433\u043e\u0440\u0438\u044f \u041d\u0430\u0440\u043e\u0434\u043d\u043e\u043c\u0443 \u0442\u0435\u0430\u0442\u0440\u0443 \u041d\u0430\u0443\u0439\u043e\u0439\u0438 \u0410\u043a\u043c\u0435\u043d\u0435.<\/li>\n<\/ul>\n\n\n\n<h2 class=\"wp-block-heading\">\u0424\u0415\u0421\u0422\u0418\u0412\u0410\u041b\u0418<\/h2>\n\n\n\n<ul class=\"wp-block-list\">\n<li><strong>2014 <\/strong>\u2013 \u0434\u0435\u0442\u0441\u043a\u043e-\u044e\u043d\u043e\u0448\u0435\u0441\u043a\u0438\u0439 \u0442\u0435\u0430\u0442\u0440\u0430\u043b\u044c\u043d\u044b\u0439 \u0444\u0435\u0441\u0442\u0438\u0432\u0430\u043b\u044c <em>\u201eGrau\u017etukas-2014\u201c<\/em> (\u041d\u0430\u0443\u0439\u043e\u0439\u0438 \u0410\u043a\u043c\u0435\u043d\u0435).<\/li>\n\n\n\n<li><strong>2017 <\/strong>\u2013 \u0444\u0435\u0441\u0442\u0438\u0432\u0430\u043b\u044c \u043b\u044e\u0431\u0438\u0442\u0435\u043b\u044c\u0441\u043a\u0438\u0445 \u0442\u0435\u0430\u0442\u0440\u043e\u0432 <em>\u201eStas\u0117s Ni\u016bniavait\u0117s vaikai\u201c<\/em>.<\/li>\n\n\n\n<li><strong>2022\u20132023<\/strong> \u2013 \u0444\u0435\u0441\u0442\u0438\u0432\u0430\u043b\u044c <em>\u201eGry\u010dios priemen\u0117j\u201c<\/em> (\u0422\u044b\u0442\u0443\u0432\u0435\u043d\u0430\u0439).<\/li>\n\n\n\n<li><strong>2022\u20132025<\/strong> \u2013 <em>\u201eTeatro pavakariai Mockai\u010diuose\u201c<\/em> (\u0435\u0436\u0435\u043c\u0435\u0441\u044f\u0447\u043d\u044b\u0435 \u0432\u0441\u0442\u0440\u0435\u0447\u0438).<\/li>\n\n\n\n<li><strong>2023 <\/strong>\u2013 \u0444\u0435\u0441\u0442\u0438\u0432\u0430\u043b\u044c <em>\u201eKur giria \u017ealiuoja\u201c<\/em> (\u041a\u043b\u0430\u043d\u0433\u0430\u0439).<\/li>\n\n\n\n<li><strong>2024 <\/strong>\u2013 \u0444\u0435\u0441\u0442\u0438\u0432\u0430\u043b\u044c-\u043a\u043e\u043d\u043a\u0443\u0440\u0441 \u043b\u044e\u0431\u0438\u0442\u0435\u043b\u044c\u0441\u043a\u0438\u0445 \u0442\u0435\u0430\u0442\u0440\u043e\u0432<em> \u201eDEMOSTENAS\u201c<\/em> (\u043f\u0430\u043c\u044f\u0442\u0438 \u0410\u0440\u043d\u0430\u0441\u0430 \u0420\u043e\u0441\u0435\u043d\u0430\u0441\u0430). \u0423\u0447\u0430\u0441\u0442\u0438\u0435 \u0442\u0435\u0430\u0442\u0440\u0430 \u201eEr\u010dia\u201c (\u0440\u0443\u043a. \u0410. \u0421\u0442\u0443\u043b\u0433\u0438\u043d\u0441\u043a\u0438\u0435\u043d\u0435).<\/li>\n\n\n\n<li><strong>2024 <\/strong>\u2013 \u0430\u0440\u0442-\u0444\u0435\u0441\u0442\u0438\u0432\u0430\u043b\u044c<em> \u201eSod\u017eius\u201c<\/em> (\u0412\u0430\u0439\u0433\u0443\u0432\u0430, \u0423\u0436\u0432\u0435\u043d\u0446\u043a\u0438\u0439 \u043a\u0443\u043b\u044c\u0442\u0443\u0440\u043d\u044b\u0439 \u0446\u0435\u043d\u0442\u0440).<\/li>\n<\/ul>\n\n\n\n<h2 class=\"wp-block-heading\">\u041f\u0420\u041e\u0415\u041a\u0422\u042b (\u043f\u043e\u0434\u0434\u0435\u0440\u0436\u043a\u0430 \u041b\u041a\u0422 \u0438 \u0441\u0430\u043c\u043e\u0443\u043f\u0440\u0430\u0432\u043b\u0435\u043d\u0438\u0439)<\/h2>\n\n\n\n<ul class=\"wp-block-list\">\n<li><strong>2021 <\/strong>\u2013 \u043c\u0443\u0437\u044b\u043a\u0430\u043b\u044c\u043d\u0430\u044f \u0434\u0440\u0430\u043c\u0430 <em>\u201eBernardin\u0173 ordinas. Lelijos vardu\u201c<\/em>.<\/li>\n\n\n\n<li><strong>2021<\/strong> \u2013 \u043f\u0440\u043e\u0435\u043a\u0442 <em>\u201eBridvai\u0161is. Po \u017eemaiti\u0161ka skara\u201c<\/em>.<\/li>\n\n\n\n<li><strong>2020 <\/strong>\u2013 <em>\u201e10 t\u016bkstan\u010di\u0173 auksin\u0173\u201c<\/em>.<\/li>\n\n\n\n<li><strong>2019<\/strong> \u2013 <em>\u201eAntanin\u0117s ant M\u016b\u0161os\u201c<\/em>.<\/li>\n\n\n\n<li><strong>2015 <\/strong>\u2013 \u043f\u0440\u043e\u0435\u043a\u0442 <em>\u201ePartizan\u0173 dain\u0173 aidai\u201c<\/em>.<\/li>\n\n\n\n<li><strong>2014 <\/strong>\u2013 \u0441\u043f\u0435\u043a\u0442\u0430\u043a\u043b\u044c, \u043e\u0442\u043a\u0440\u044b\u0442\u044b\u0435 \u0440\u0435\u043f\u0435\u0442\u0438\u0446\u0438\u0438 <em>\u201eMenas (NE)tyl\u0117ti arba kas man\u0119s pasiges?\u201c<\/em>.<\/li>\n<\/ul>\n\n\n\n<h3 class=\"wp-block-heading\">\u041f\u0440\u043e\u0435\u043a\u0442\u044b \u041a\u0435\u043b\u044c\u043c\u0435\u0441\u0441\u043a\u043e\u0433\u043e \u0440\u0430\u0439\u043e\u043d\u0430:<\/h3>\n\n\n\n<ul class=\"wp-block-list\">\n<li>2024 \u2013 \u0434\u0435\u0442\u0441\u043a\u0438\u0439 \u043b\u0430\u0433\u0435\u0440\u044c <em>\u201eVaiguva vaiko akimis\u201c<\/em>.<\/li>\n\n\n\n<li>2021 \u2013 \u043b\u0430\u0433\u0435\u0440\u044f <em>\u201eJaunieji architektai\u201c<\/em>, <em>\u201eBendruomeni\u0173 vaikai \u2013 floristai\u201c<\/em>, <em>\u201eTeatro eksperimentas I\u0160GYVENTI\u201c<\/em>.<\/li>\n<\/ul>\n\n\n\n<h2 class=\"wp-block-heading\">\u0421\u0415\u041c\u0418\u041d\u0410\u0420\u042b<\/h2>\n\n\n\n<ul class=\"wp-block-list\">\n<li>23.05.2025 \u2013 \u0441\u0435\u043c\u0438\u043d\u0430\u0440-\u043f\u0440\u0430\u043a\u0442\u0438\u043a\u0443\u043c <em>\u201eUgdymo naujov\u0117s meno\/muzikos mokykloje. Meistri\u0161kumo pamokos\u201c<\/em>. \u0414\u043e\u043a\u043b\u0430\u0434<br><em>\u201e\u012e scen\u0105 su baime. A\u0161 j\u0105? Ar ji mane?\u201c<\/em> (\u0422\u044b\u0442\u0443\u0432\u0435\u043d\u0430\u0439\u0441\u043a\u0430\u044f \u0433\u0438\u043c\u043d\u0430\u0437\u0438\u044f, \u0445\u0443\u0434\u043e\u0436\u0435\u0441\u0442\u0432\u0435\u043d\u043d\u043e\u0435 \u043e\u0442\u0434\u0435\u043b\u0435\u043d\u0438\u0435).<\/li>\n<\/ul>\n\n\n\n<h2 class=\"wp-block-heading\">\u0427\u041b\u0415\u041d\u0421\u0422\u0412\u041e<\/h2>\n\n\n\n<ul class=\"wp-block-list\">\n<li><strong>\u0441 2025 \u0433. <\/strong>\u2013 \u0447\u043b\u0435\u043d LATGA (\u041b\u0438\u0442\u043e\u0432\u0441\u043a\u043e\u0435 \u0430\u0433\u0435\u043d\u0442\u0441\u0442\u0432\u043e \u043f\u043e \u0430\u0432\u0442\u043e\u0440\u0441\u043a\u0438\u043c \u043f\u0440\u0430\u0432\u0430\u043c).<\/li>\n<\/ul>\n\n\n\n<p><\/p>\n","protected":false},"excerpt":{"rendered":"<p>\u0411\u0438\u043e\u0433\u0440\u0430\u0444\u0438\u044f \u041e\u0411\u0420\u0410\u0417\u041e\u0412\u0410\u041d\u0418\u0415 \u041e\u041f\u042b\u0422 \u0420\u0410\u0411\u041e\u0422\u042b \u041f\u0440\u043e\u0447\u0430\u044f \u0434\u0435\u044f\u0442\u0435\u043b\u044c\u043d\u043e\u0441\u0442\u044c: \u0421\u0422\u0418\u041f\u0415\u041d\u0414\u0418\u0418 \u041a\u041e\u041d\u041a\u0423\u0420\u0421\u042b \u041a\u0410\u0422\u0415\u0413\u041e\u0420\u0418\u0418 \u041a\u041e\u041b\u041b\u0415\u041a\u0422\u0418\u0412\u041e\u0412 \u0424\u0415\u0421\u0422\u0418\u0412\u0410\u041b\u0418 \u041f\u0420\u041e\u0415\u041a\u0422\u042b (\u043f\u043e\u0434\u0434\u0435\u0440\u0436\u043a\u0430 \u041b\u041a\u0422 \u0438 \u0441\u0430\u043c\u043e\u0443\u043f\u0440\u0430\u0432\u043b\u0435\u043d\u0438\u0439) \u041f\u0440\u043e\u0435\u043a\u0442\u044b \u041a\u0435\u043b\u044c\u043c\u0435\u0441\u0441\u043a\u043e\u0433\u043e \u0440\u0430\u0439\u043e\u043d\u0430: \u0421\u0415\u041c\u0418\u041d\u0410\u0420\u042b \u0427\u041b\u0415\u041d\u0421\u0422\u0412\u041e<\/p>\n","protected":false},"author":1,"featured_media":0,"parent":0,"menu_order":0,"comment_status":"closed","ping_status":"closed","template":"","meta":{"_acf_changed":false,"footnotes":""},"class_list":["post-2019","page","type-page","status-publish","hentry"],"acf":[],"rttpg_featured_image_url":null,"rttpg_author":{"display_name":"Kalnu_Slenis","author_link":"https:\/\/www.kalnuslenis.lt\/?author=1"},"rttpg_comment":0,"rttpg_category":" <a href=\"https:\/\/www.kalnuslenis.lt\/?lang=ru\" rel=\"tag\">RU<\/a>","rttpg_excerpt":"\u0411\u0438\u043e\u0433\u0440\u0430\u0444\u0438\u044f \u041e\u0411\u0420\u0410\u0417\u041e\u0412\u0410\u041d\u0418\u0415 \u041e\u041f\u042b\u0422 \u0420\u0410\u0411\u041e\u0422\u042b \u041f\u0440\u043e\u0447\u0430\u044f \u0434\u0435\u044f\u0442\u0435\u043b\u044c\u043d\u043e\u0441\u0442\u044c: \u0421\u0422\u0418\u041f\u0415\u041d\u0414\u0418\u0418 \u041a\u041e\u041d\u041a\u0423\u0420\u0421\u042b \u041a\u0410\u0422\u0415\u0413\u041e\u0420\u0418\u0418 \u041a\u041e\u041b\u041b\u0415\u041a\u0422\u0418\u0412\u041e\u0412 \u0424\u0415\u0421\u0422\u0418\u0412\u0410\u041b\u0418 \u041f\u0420\u041e\u0415\u041a\u0422\u042b (\u043f\u043e\u0434\u0434\u0435\u0440\u0436\u043a\u0430 \u041b\u041a\u0422 \u0438 \u0441\u0430\u043c\u043e\u0443\u043f\u0440\u0430\u0432\u043b\u0435\u043d\u0438\u0439) \u041f\u0440\u043e\u0435\u043a\u0442\u044b \u041a\u0435\u043b\u044c\u043c\u0435\u0441\u0441\u043a\u043e\u0433\u043e \u0440\u0430\u0439\u043e\u043d\u0430: \u0421\u0415\u041c\u0418\u041d\u0410\u0420\u042b \u0427\u041b\u0415\u041d\u0421\u0422\u0412\u041e","_links":{"self":[{"href":"https:\/\/www.kalnuslenis.lt\/index.php?rest_route=\/wp\/v2\/pages\/2019","targetHints":{"allow":["GET"]}}],"collection":[{"href":"https:\/\/www.kalnuslenis.lt\/index.php?rest_route=\/wp\/v2\/pages"}],"about":[{"href":"https:\/\/www.kalnuslenis.lt\/index.php?rest_route=\/wp\/v2\/types\/page"}],"author":[{"embeddable":true,"href":"https:\/\/www.kalnuslenis.lt\/index.php?rest_route=\/wp\/v2\/users\/1"}],"replies":[{"embeddable":true,"href":"https:\/\/www.kalnuslenis.lt\/index.php?rest_route=%2Fwp%2Fv2%2Fcomments&post=2019"}],"version-history":[{"count":0,"href":"https:\/\/www.kalnuslenis.lt\/index.php?rest_route=\/wp\/v2\/pages\/2019\/revisions"}],"wp:attachment":[{"href":"https:\/\/www.kalnuslenis.lt\/index.php?rest_route=%2Fwp%2Fv2%2Fmedia&parent=2019"}],"curies":[{"name":"wp","href":"https:\/\/api.w.org\/{rel}","templated":true}]}}